{"id":101,"date":"2024-09-08T06:18:47","date_gmt":"2024-09-08T04:18:47","guid":{"rendered":"https:\/\/www.fau.uto.edu.bo\/?page_id=101"},"modified":"2025-12-02T11:24:28","modified_gmt":"2025-12-02T10:24:28","slug":"autoridades","status":"publish","type":"page","link":"https:\/\/www.fau.uto.edu.bo\/?page_id=101","title":{"rendered":"Autoridades"},"content":{"rendered":"\t\t<div data-elementor-type=\"wp-page\" data-elementor-id=\"101\" class=\"elementor elementor-101\">\n\t\t\t\t<div class=\"elementor-element elementor-element-undefined-ec86f34 e-flex e-con-boxed wpr-particle-no wpr-jarallax-no wpr-parallax-no wpr-sticky-section-no e-con e-parent\" data-id=\"undefined-ec86f34\" data-element_type=\"container\">\n\t\t\t\t\t<div class=\"e-con-inner\">\n\t\t<div class=\"elementor-element elementor-element-undefined-4fce6a4 e-con-full e-flex wpr-particle-no wpr-jarallax-no wpr-parallax-no wpr-sticky-section-no e-con e-child\" data-id=\"undefined-4fce6a4\" data-element_type=\"container\">\n\t\t\t\t<div class=\"elementor-element elementor-element-undefined-b1718a2 elementor-widget elementor-widget-heading\" data-id=\"undefined-b1718a2\" data-element_type=\"widget\" data-widget_type=\"heading.default\">\n\t\t\t\t<div class=\"elementor-widget-container\">\n\t\t\t\t\t<h2 class=\"elementor-heading-title elementor-size-default\">Autoridades de la Facultad<\/h2>\t\t\t\t<\/div>\n\t\t\t\t<\/div>\n\t\t<div class=\"elementor-element elementor-element-undefined-58a7d14 e-flex e-con-boxed wpr-particle-no wpr-jarallax-no wpr-parallax-no wpr-sticky-section-no e-con e-child\" data-id=\"undefined-58a7d14\" data-element_type=\"container\">\n\t\t\t\t\t<div class=\"e-con-inner\">\n\t\t<div class=\"elementor-element elementor-element-undefined-fbe9bc2 e-con-full e-flex wpr-particle-no wpr-jarallax-no wpr-parallax-no wpr-sticky-section-no e-con e-child\" data-id=\"undefined-fbe9bc2\" data-element_type=\"container\" data-settings=\"{&quot;background_background&quot;:&quot;classic&quot;,&quot;animation_tablet&quot;:&quot;fadeIn&quot;}\">\n\t\t\t\t<div class=\"elementor-element elementor-element-undefined-dbd56af elementor-position-top elementor-widget elementor-widget-image-box\" data-id=\"undefined-dbd56af\" data-element_type=\"widget\" data-widget_type=\"image-box.default\">\n\t\t\t\t<div class=\"elementor-widget-container\">\n\t\t\t\t\t<div class=\"elementor-image-box-wrapper\"><figure class=\"elementor-image-box-img\"><img decoding=\"async\" src=\"https:\/\/www.fau.uto.edu.bo\/wp-content\/uploads\/2025\/12\/Arq.-Marco-Rosales-web.jpg\" title=\"Arq. Marco Rosales-web\" alt=\"Arq. Marco Rosales-web\" loading=\"lazy\" \/><\/figure><div class=\"elementor-image-box-content\"><h3 class=\"elementor-image-box-title\">M.Sc. Arq. Marco Antonio<br>Rosales Colodro<\/h3><p class=\"elementor-image-box-description\">Decano  <p>\n+591 71105113\n\n<\/p><\/div><\/div>\t\t\t\t<\/div>\n\t\t\t\t<\/div>\n\t\t\t\t<\/div>\n\t\t<div class=\"elementor-element elementor-element-undefined-f9ad6d2 e-con-full e-flex wpr-particle-no wpr-jarallax-no wpr-parallax-no wpr-sticky-section-no e-con e-child\" data-id=\"undefined-f9ad6d2\" data-element_type=\"container\" data-settings=\"{&quot;background_background&quot;:&quot;classic&quot;,&quot;animation_tablet&quot;:&quot;fadeIn&quot;}\">\n\t\t\t\t<div class=\"elementor-element elementor-element-undefined-23d4c84 elementor-position-top elementor-widget elementor-widget-image-box\" data-id=\"undefined-23d4c84\" data-element_type=\"widget\" data-widget_type=\"image-box.default\">\n\t\t\t\t<div class=\"elementor-widget-container\">\n\t\t\t\t\t<div class=\"elementor-image-box-wrapper\"><figure class=\"elementor-image-box-img\"><img decoding=\"async\" src=\"https:\/\/www.fau.uto.edu.bo\/wp-content\/uploads\/2025\/12\/FOTO-CRISTIAN-WEB.jpg\" title=\"FOTO CRISTIAN-WEB\" alt=\"FOTO CRISTIAN-WEB\" loading=\"lazy\" \/><\/figure><div class=\"elementor-image-box-content\"><h3 class=\"elementor-image-box-title\">M.Sc. Arq. Cristian Celso<br>Ramos Espinoza<\/h3><p class=\"elementor-image-box-description\">Vicedecano <p> +591 72453888<\/p><\/div><\/div>\t\t\t\t<\/div>\n\t\t\t\t<\/div>\n\t\t\t\t<\/div>\n\t\t\t\t\t<\/div>\n\t\t\t\t<\/div>\n\t\t\t\t<\/div>\n\t\t\t\t\t<\/div>\n\t\t\t\t<\/div>\n\t\t<div class=\"elementor-element elementor-element-253be9d e-flex e-con-boxed wpr-particle-no wpr-jarallax-no wpr-parallax-no wpr-sticky-section-no e-con e-parent\" data-id=\"253be9d\" data-element_type=\"container\">\n\t\t\t\t\t<div class=\"e-con-inner\">\n\t\t<div class=\"elementor-element elementor-element-dc59229 e-con-full e-flex wpr-particle-no wpr-jarallax-no wpr-parallax-no wpr-sticky-section-no e-con e-child\" data-id=\"dc59229\" data-element_type=\"container\">\n\t\t\t\t<div class=\"elementor-element elementor-element-e5cfb63 elementor-widget elementor-widget-heading\" data-id=\"e5cfb63\" data-element_type=\"widget\" data-widget_type=\"heading.default\">\n\t\t\t\t<div class=\"elementor-widget-container\">\n\t\t\t\t\t<h2 class=\"elementor-heading-title elementor-size-default\">Directores de \u00c1rea<\/h2>\t\t\t\t<\/div>\n\t\t\t\t<\/div>\n\t\t<div class=\"elementor-element elementor-element-ae79372 e-flex e-con-boxed wpr-particle-no wpr-jarallax-no wpr-parallax-no wpr-sticky-section-no e-con e-child\" data-id=\"ae79372\" data-element_type=\"container\">\n\t\t\t\t\t<div class=\"e-con-inner\">\n\t\t<div class=\"elementor-element elementor-element-c54c851 e-con-full e-flex wpr-particle-no wpr-jarallax-no wpr-parallax-no wpr-sticky-section-no e-con e-child\" data-id=\"c54c851\" data-element_type=\"container\" data-settings=\"{&quot;background_background&quot;:&quot;classic&quot;,&quot;animation_tablet&quot;:&quot;fadeIn&quot;}\">\n\t\t\t\t<div class=\"elementor-element elementor-element-80ebefd elementor-position-top elementor-widget elementor-widget-image-box\" data-id=\"80ebefd\" data-element_type=\"widget\" data-widget_type=\"image-box.default\">\n\t\t\t\t<div class=\"elementor-widget-container\">\n\t\t\t\t\t<div class=\"elementor-image-box-wrapper\"><figure class=\"elementor-image-box-img\"><img loading=\"lazy\" decoding=\"async\" width=\"1270\" height=\"1588\" src=\"https:\/\/www.fau.uto.edu.bo\/wp-content\/uploads\/2025\/12\/Ing.-Franz-Claros-web.jpg\" class=\"attachment-full size-full wp-image-1579\" alt=\"\" srcset=\"https:\/\/www.fau.uto.edu.bo\/wp-content\/uploads\/2025\/12\/Ing.-Franz-Claros-web.jpg 1270w, https:\/\/www.fau.uto.edu.bo\/wp-content\/uploads\/2025\/12\/Ing.-Franz-Claros-web-240x300.jpg 240w, https:\/\/www.fau.uto.edu.bo\/wp-content\/uploads\/2025\/12\/Ing.-Franz-Claros-web-819x1024.jpg 819w, https:\/\/www.fau.uto.edu.bo\/wp-content\/uploads\/2025\/12\/Ing.-Franz-Claros-web-768x960.jpg 768w, https:\/\/www.fau.uto.edu.bo\/wp-content\/uploads\/2025\/12\/Ing.-Franz-Claros-web-1228x1536.jpg 1228w\" sizes=\"auto, (max-width: 1270px) 100vw, 1270px\" \/><\/figure><div class=\"elementor-image-box-content\"><h3 class=\"elementor-image-box-title\">Ing. Franz Dario Claros T\u00f3rrez<\/h3><p class=\"elementor-image-box-description\">Director \u00c1rea de Tecnolog\u00eda<p> +591 70415840<\/p><\/div><\/div>\t\t\t\t<\/div>\n\t\t\t\t<\/div>\n\t\t\t\t<\/div>\n\t\t<div class=\"elementor-element elementor-element-4424320 e-con-full e-flex wpr-particle-no wpr-jarallax-no wpr-parallax-no wpr-sticky-section-no e-con e-child\" data-id=\"4424320\" data-element_type=\"container\" data-settings=\"{&quot;background_background&quot;:&quot;classic&quot;,&quot;animation_tablet&quot;:&quot;fadeIn&quot;}\">\n\t\t\t\t<div class=\"elementor-element elementor-element-423d430 elementor-position-top elementor-widget elementor-widget-image-box\" data-id=\"423d430\" data-element_type=\"widget\" data-widget_type=\"image-box.default\">\n\t\t\t\t<div class=\"elementor-widget-container\">\n\t\t\t\t\t<div class=\"elementor-image-box-wrapper\"><figure class=\"elementor-image-box-img\"><img loading=\"lazy\" decoding=\"async\" width=\"1604\" height=\"2005\" src=\"https:\/\/www.fau.uto.edu.bo\/wp-content\/uploads\/2025\/12\/Arq.-Clever-Coronado-web.jpg\" class=\"attachment-full size-full wp-image-1580\" alt=\"\" srcset=\"https:\/\/www.fau.uto.edu.bo\/wp-content\/uploads\/2025\/12\/Arq.-Clever-Coronado-web.jpg 1604w, https:\/\/www.fau.uto.edu.bo\/wp-content\/uploads\/2025\/12\/Arq.-Clever-Coronado-web-240x300.jpg 240w, https:\/\/www.fau.uto.edu.bo\/wp-content\/uploads\/2025\/12\/Arq.-Clever-Coronado-web-819x1024.jpg 819w, https:\/\/www.fau.uto.edu.bo\/wp-content\/uploads\/2025\/12\/Arq.-Clever-Coronado-web-768x960.jpg 768w, https:\/\/www.fau.uto.edu.bo\/wp-content\/uploads\/2025\/12\/Arq.-Clever-Coronado-web-1229x1536.jpg 1229w\" sizes=\"auto, (max-width: 1604px) 100vw, 1604px\" \/><\/figure><div class=\"elementor-image-box-content\"><h3 class=\"elementor-image-box-title\">Arq. Clever Andr\u00e9s<br>Coronado Pando<\/h3><p class=\"elementor-image-box-description\">Director \u00c1rea de Sociales<p> +591 76147438<\/p><\/div><\/div>\t\t\t\t<\/div>\n\t\t\t\t<\/div>\n\t\t\t\t<\/div>\n\t\t<div class=\"elementor-element elementor-element-2fabd85 e-con-full e-flex wpr-particle-no wpr-jarallax-no wpr-parallax-no wpr-sticky-section-no e-con e-child\" data-id=\"2fabd85\" data-element_type=\"container\" data-settings=\"{&quot;background_background&quot;:&quot;classic&quot;,&quot;animation_tablet&quot;:&quot;fadeIn&quot;}\">\n\t\t\t\t<div class=\"elementor-element elementor-element-9730a7f elementor-position-top elementor-widget elementor-widget-image-box\" data-id=\"9730a7f\" data-element_type=\"widget\" data-widget_type=\"image-box.default\">\n\t\t\t\t<div class=\"elementor-widget-container\">\n\t\t\t\t\t<div class=\"elementor-image-box-wrapper\"><figure class=\"elementor-image-box-img\"><img loading=\"lazy\" decoding=\"async\" width=\"1548\" height=\"1934\" src=\"https:\/\/www.fau.uto.edu.bo\/wp-content\/uploads\/2025\/12\/Arq.-Arturo-Ramos-web.jpg\" class=\"attachment-full size-full wp-image-1581\" alt=\"\" srcset=\"https:\/\/www.fau.uto.edu.bo\/wp-content\/uploads\/2025\/12\/Arq.-Arturo-Ramos-web.jpg 1548w, https:\/\/www.fau.uto.edu.bo\/wp-content\/uploads\/2025\/12\/Arq.-Arturo-Ramos-web-240x300.jpg 240w, https:\/\/www.fau.uto.edu.bo\/wp-content\/uploads\/2025\/12\/Arq.-Arturo-Ramos-web-820x1024.jpg 820w, https:\/\/www.fau.uto.edu.bo\/wp-content\/uploads\/2025\/12\/Arq.-Arturo-Ramos-web-768x960.jpg 768w, https:\/\/www.fau.uto.edu.bo\/wp-content\/uploads\/2025\/12\/Arq.-Arturo-Ramos-web-1229x1536.jpg 1229w\" sizes=\"auto, (max-width: 1548px) 100vw, 1548px\" \/><\/figure><div class=\"elementor-image-box-content\"><h3 class=\"elementor-image-box-title\">Arq. Juan Arturo Ramos Canaza<\/h3><p class=\"elementor-image-box-description\">Director \u00c1rea de Dise\u00f1o<p>+591 72309879<\/p><\/div><\/div>\t\t\t\t<\/div>\n\t\t\t\t<\/div>\n\t\t\t\t<\/div>\n\t\t\t\t\t<\/div>\n\t\t\t\t<\/div>\n\t\t\t\t<\/div>\n\t\t\t\t\t<\/div>\n\t\t\t\t<\/div>\n\t\t\t\t<\/div>\n\t\t","protected":false},"excerpt":{"rendered":"<p>Autoridades de la Facultad M.Sc. Arq. Marco AntonioRosales Colodro Decano +591 71105113 M.Sc. Arq. Cristian CelsoRamos Espinoza Vicedecano +591 72453888 Directores de \u00c1rea Ing. Franz Dario Claros T\u00f3rrez Director \u00c1rea de Tecnolog\u00eda +591 70415840 Arq. Clever Andr\u00e9sCoronado Pando Director \u00c1rea de Sociales +591 76147438 Arq. Juan Arturo Ramos Canaza Director \u00c1rea de Dise\u00f1o +591 72309879<\/p>\n","protected":false},"author":1,"featured_media":0,"parent":0,"menu_order":0,"comment_status":"closed","ping_status":"closed","template":"","meta":{"_cbd_carousel_blocks":"[]","footnotes":""},"class_list":["post-101","page","type-page","status-publish","hentry"],"_links":{"self":[{"href":"https:\/\/www.fau.uto.edu.bo\/index.php?rest_route=\/wp\/v2\/pages\/101","targetHints":{"allow":["GET"]}}],"collection":[{"href":"https:\/\/www.fau.uto.edu.bo\/index.php?rest_route=\/wp\/v2\/pages"}],"about":[{"href":"https:\/\/www.fau.uto.edu.bo\/index.php?rest_route=\/wp\/v2\/types\/page"}],"author":[{"embeddable":true,"href":"https:\/\/www.fau.uto.edu.bo\/index.php?rest_route=\/wp\/v2\/users\/1"}],"replies":[{"embeddable":true,"href":"https:\/\/www.fau.uto.edu.bo\/index.php?rest_route=%2Fwp%2Fv2%2Fcomments&post=101"}],"version-history":[{"count":172,"href":"https:\/\/www.fau.uto.edu.bo\/index.php?rest_route=\/wp\/v2\/pages\/101\/revisions"}],"predecessor-version":[{"id":1612,"href":"https:\/\/www.fau.uto.edu.bo\/index.php?rest_route=\/wp\/v2\/pages\/101\/revisions\/1612"}],"wp:attachment":[{"href":"https:\/\/www.fau.uto.edu.bo\/index.php?rest_route=%2Fwp%2Fv2%2Fmedia&parent=101"}],"curies":[{"name":"wp","href":"https:\/\/api.w.org\/{rel}","templated":true}]}}