{"id":150,"date":"2024-09-08T20:35:39","date_gmt":"2024-09-08T18:35:39","guid":{"rendered":"https:\/\/www.fau.uto.edu.bo\/?page_id=150"},"modified":"2024-10-23T21:56:52","modified_gmt":"2024-10-23T19:56:52","slug":"elibro","status":"publish","type":"page","link":"https:\/\/www.fau.uto.edu.bo\/?page_id=150","title":{"rendered":"Acceso eLibro"},"content":{"rendered":"\n<p>eLibro es una plataforma digital que ofrece acceso a una amplia colecci\u00f3n de libros electr\u00f3nicos y recursos acad\u00e9micos en diversas \u00e1reas del conocimiento. Los usuarios pueden consultar y descargar contenido en l\u00ednea, realizar b\u00fasquedas avanzadas, y acceder a materiales desde cualquier dispositivo. Es una herramienta ideal para apoyar el aprendizaje y la investigaci\u00f3n, facilitando el acceso a textos actualizados y relevantes.<\/p>\n\n\n\n<div class=\"wp-block-buttons is-layout-flex wp-block-buttons-is-layout-flex\">\n<div class=\"wp-block-button\"><a class=\"wp-block-button__link wp-element-button\" href=\"https:\/\/elibro.net\/es\/lc\/utofau\/login_usuario\/?next=\/es\/lc\/utofau\/inicio\/\">eLibro<\/a><\/div>\n<\/div>\n\n\n\n<p><\/p>\n","protected":false},"excerpt":{"rendered":"<p>eLibro es una plataforma digital que ofrece acceso a una amplia colecci\u00f3n de libros electr\u00f3nicos y recursos acad\u00e9micos en diversas \u00e1reas del conocimiento. Los usuarios pueden consultar y descargar contenido en l\u00ednea, realizar b\u00fasquedas avanzadas, y acceder a materiales desde cualquier dispositivo. Es una herramienta ideal para apoyar el aprendizaje y la investigaci\u00f3n, facilitando el acceso a textos actualizados y relevantes.<\/p>\n","protected":false},"author":1,"featured_media":0,"parent":0,"menu_order":0,"comment_status":"closed","ping_status":"closed","template":"","meta":{"_cbd_carousel_blocks":"[]","footnotes":""},"class_list":["post-150","page","type-page","status-publish","hentry"],"_links":{"self":[{"href":"https:\/\/www.fau.uto.edu.bo\/index.php?rest_route=\/wp\/v2\/pages\/150","targetHints":{"allow":["GET"]}}],"collection":[{"href":"https:\/\/www.fau.uto.edu.bo\/index.php?rest_route=\/wp\/v2\/pages"}],"about":[{"href":"https:\/\/www.fau.uto.edu.bo\/index.php?rest_route=\/wp\/v2\/types\/page"}],"author":[{"embeddable":true,"href":"https:\/\/www.fau.uto.edu.bo\/index.php?rest_route=\/wp\/v2\/users\/1"}],"replies":[{"embeddable":true,"href":"https:\/\/www.fau.uto.edu.bo\/index.php?rest_route=%2Fwp%2Fv2%2Fcomments&post=150"}],"version-history":[{"count":13,"href":"https:\/\/www.fau.uto.edu.bo\/index.php?rest_route=\/wp\/v2\/pages\/150\/revisions"}],"predecessor-version":[{"id":1504,"href":"https:\/\/www.fau.uto.edu.bo\/index.php?rest_route=\/wp\/v2\/pages\/150\/revisions\/1504"}],"wp:attachment":[{"href":"https:\/\/www.fau.uto.edu.bo\/index.php?rest_route=%2Fwp%2Fv2%2Fmedia&parent=150"}],"curies":[{"name":"wp","href":"https:\/\/api.w.org\/{rel}","templated":true}]}}