{"id":42,"date":"2024-09-06T23:42:14","date_gmt":"2024-09-06T21:42:14","guid":{"rendered":"https:\/\/www.fau.uto.edu.bo\/?page_id=42"},"modified":"2024-10-22T22:13:54","modified_gmt":"2024-10-22T20:13:54","slug":"sia-docentes","status":"publish","type":"page","link":"https:\/\/www.fau.uto.edu.bo\/?page_id=42","title":{"rendered":"Docentes SIA"},"content":{"rendered":"\n<!DOCTYPE html>\n<html lang=\"es\">\n<head>\n    <meta charset=\"UTF-8\">\n    <meta name=\"viewport\" content=\"width=device-width, initial-scale=1.0\">\n    <style>\n        body {\n            font-family: Arial, sans-serif;\n            background-color: #f0f0f0;\n            color: #333;\n            margin: 0;\n            padding: 0;\n        }\n\n        header {\n            background-color: #003366; \/* Azul oscuro *\/\n            color: white;\n            text-align: center;\n            padding: 20px;\n        }\n\n        h1 {\n            margin: 0;\n            font-size: 2.5em;\n        }\n\n        .container {\n            max-width: 1200px;\n            margin: 30px auto;\n            padding: 20px;\n            background-color: white;\n            border-radius: 8px;\n            box-shadow: 0 2px 10px rgba(0, 0, 0, 0.1);\n        }\n\n        h2 {\n            color: #ff9933; \/* Naranja *\/\n        }\n\n        p {\n            font-size: 1.2em;\n            color: #333;\n        }\n\n        .button {\n            display: inline-block;\n            background-color: #ffcc00; \/* Amarillo *\/\n            color: #003366;\n            padding: 15px 30px;\n            text-decoration: none;\n            font-size: 1.2em;\n            font-weight: bold;\n            border-radius: 5px;\n            transition: background-color 0.3s;\n            margin-top: 20px;\n        }\n\n        .button:hover {\n            background-color: #ff9933; \/* Naranja *\/\n            color: white;\n        }\n\n        iframe {\n            width: 100%;\n            height: 600px;\n            border: 2px solid #003366; \/* Borde Azul *\/\n            border-radius: 5px;\n        }\n    <\/style>\n<\/head>\n<body>\n\n\n    <div class=\"container\">\n        <h2>Acceso al Sistema Acad\u00e9mico Docentes<\/h2>\n        <p>\n            El <strong>Sistema Acad\u00e9mico para Docentes (SIA)<\/strong> permite a los docentes de la Facultad de Arquitectura y Urbanismo de la Universidad T\u00e9cnica de Oruro gestionar de manera eficiente el registro, seguimiento y evaluaci\u00f3n de las actividades acad\u00e9micas. Para acceder al sistema, puedes utilizar el siguiente enlace o el acceso directo que se encuentra a continuaci\u00f3n.\n        <\/p>\n        \n        <a href=\"https:\/\/siafau.uto.edu.bo\/docentes\/\" class=\"button\" target=\"_blank\" rel=\"noopener\">Abrir en una Ventana Docentes SIA<\/a>\n        \n        <h2><\/h2>\n        <iframe src=\"https:\/\/siafau.uto.edu.bo\/docentes\/\" title=\"Sistema Acad\u00e9mico Docentes SIA\">\n            Tu navegador no soporta iframes.\n        <\/iframe>\n    <\/div>\n<\/body>\n<\/html>\n\n","protected":false},"excerpt":{"rendered":"<p>Acceso al Sistema Acad\u00e9mico Docentes El Sistema Acad\u00e9mico para Docentes (SIA) permite a los docentes de la Facultad de Arquitectura y Urbanismo de la Universidad T\u00e9cnica de Oruro gestionar de manera eficiente el registro, seguimiento y evaluaci\u00f3n de las actividades acad\u00e9micas. Para acceder al sistema, puedes utilizar el siguiente enlace o el acceso directo que se encuentra a continuaci\u00f3n. Abrir en una Ventana Docentes SIA Tu navegador no soporta iframes.<\/p>\n","protected":false},"author":1,"featured_media":0,"parent":0,"menu_order":0,"comment_status":"closed","ping_status":"closed","template":"","meta":{"_cbd_carousel_blocks":"[]","footnotes":""},"class_list":["post-42","page","type-page","status-publish","hentry"],"_links":{"self":[{"href":"https:\/\/www.fau.uto.edu.bo\/index.php?rest_route=\/wp\/v2\/pages\/42","targetHints":{"allow":["GET"]}}],"collection":[{"href":"https:\/\/www.fau.uto.edu.bo\/index.php?rest_route=\/wp\/v2\/pages"}],"about":[{"href":"https:\/\/www.fau.uto.edu.bo\/index.php?rest_route=\/wp\/v2\/types\/page"}],"author":[{"embeddable":true,"href":"https:\/\/www.fau.uto.edu.bo\/index.php?rest_route=\/wp\/v2\/users\/1"}],"replies":[{"embeddable":true,"href":"https:\/\/www.fau.uto.edu.bo\/index.php?rest_route=%2Fwp%2Fv2%2Fcomments&post=42"}],"version-history":[{"count":11,"href":"https:\/\/www.fau.uto.edu.bo\/index.php?rest_route=\/wp\/v2\/pages\/42\/revisions"}],"predecessor-version":[{"id":1450,"href":"https:\/\/www.fau.uto.edu.bo\/index.php?rest_route=\/wp\/v2\/pages\/42\/revisions\/1450"}],"wp:attachment":[{"href":"https:\/\/www.fau.uto.edu.bo\/index.php?rest_route=%2Fwp%2Fv2%2Fmedia&parent=42"}],"curies":[{"name":"wp","href":"https:\/\/api.w.org\/{rel}","templated":true}]}}