{"id":80,"date":"2024-09-08T06:05:17","date_gmt":"2024-09-08T04:05:17","guid":{"rendered":"https:\/\/www.fau.uto.edu.bo\/?page_id=80"},"modified":"2024-10-22T18:13:03","modified_gmt":"2024-10-22T16:13:03","slug":"sia-estudiantes","status":"publish","type":"page","link":"https:\/\/www.fau.uto.edu.bo\/?page_id=80","title":{"rendered":"Estudiantes SIA"},"content":{"rendered":"\n<p>Los estudiantes regulares pueden acceder al sistema acad\u00e9mico utilizando sus credenciales personales, donde podr\u00e1n realizar un seguimiento detallado de su progreso en las asignaturas cursadas. Adem\u00e1s, el sistema les permite consultar y verificar sus calificaciones en l\u00ednea de manera r\u00e1pida y segura, brindando acceso inmediato a informaci\u00f3n actualizada sobre su desempe\u00f1o acad\u00e9mico.<\/p>\n\n\n\n<div class=\"wp-block-buttons is-layout-flex wp-block-buttons-is-layout-flex\">\n<div class=\"wp-block-button\"><a class=\"wp-block-button__link has-vivid-cyan-blue-background-color has-background wp-element-button\" href=\"https:\/\/siafau.uto.edu.bo\/estudiantes\">Estudiantes SIA<\/a><\/div>\n<\/div>\n\n\n\n<p><\/p>\n","protected":false},"excerpt":{"rendered":"<p>Los estudiantes regulares pueden acceder al sistema acad\u00e9mico utilizando sus credenciales personales, donde podr\u00e1n realizar un seguimiento detallado de su progreso en las asignaturas cursadas. Adem\u00e1s, el sistema les permite consultar y verificar sus calificaciones en l\u00ednea de manera r\u00e1pida y segura, brindando acceso inmediato a informaci\u00f3n actualizada sobre su desempe\u00f1o acad\u00e9mico.<\/p>\n","protected":false},"author":1,"featured_media":0,"parent":0,"menu_order":0,"comment_status":"closed","ping_status":"closed","template":"","meta":{"_cbd_carousel_blocks":"[]","footnotes":""},"class_list":["post-80","page","type-page","status-publish","hentry"],"_links":{"self":[{"href":"https:\/\/www.fau.uto.edu.bo\/index.php?rest_route=\/wp\/v2\/pages\/80","targetHints":{"allow":["GET"]}}],"collection":[{"href":"https:\/\/www.fau.uto.edu.bo\/index.php?rest_route=\/wp\/v2\/pages"}],"about":[{"href":"https:\/\/www.fau.uto.edu.bo\/index.php?rest_route=\/wp\/v2\/types\/page"}],"author":[{"embeddable":true,"href":"https:\/\/www.fau.uto.edu.bo\/index.php?rest_route=\/wp\/v2\/users\/1"}],"replies":[{"embeddable":true,"href":"https:\/\/www.fau.uto.edu.bo\/index.php?rest_route=%2Fwp%2Fv2%2Fcomments&post=80"}],"version-history":[{"count":6,"href":"https:\/\/www.fau.uto.edu.bo\/index.php?rest_route=\/wp\/v2\/pages\/80\/revisions"}],"predecessor-version":[{"id":1414,"href":"https:\/\/www.fau.uto.edu.bo\/index.php?rest_route=\/wp\/v2\/pages\/80\/revisions\/1414"}],"wp:attachment":[{"href":"https:\/\/www.fau.uto.edu.bo\/index.php?rest_route=%2Fwp%2Fv2%2Fmedia&parent=80"}],"curies":[{"name":"wp","href":"https:\/\/api.w.org\/{rel}","templated":true}]}}